{"id":19775,"date":"2026-02-04T12:34:19","date_gmt":"2026-02-04T17:34:19","guid":{"rendered":"https:\/\/www.couturemedia.ca\/?post_type=product&#038;p=19775"},"modified":"2026-02-10T14:43:19","modified_gmt":"2026-02-10T19:43:19","slug":"soundtrack-your-brand-player-3-0","status":"publish","type":"product","link":"https:\/\/www.couturemedia.ca\/fr\/product\/soundtrack-your-brand-player-3-0\/","title":{"rendered":"Soundtrack Your Brand Player 3.0"},"content":{"rendered":"<p><strong>Benefits<\/strong><\/p>\n<p>There are several benefits of using the Soundtrack Player with our music service. It frees up your other devices, such as smart phone or tablet, to use in other parts of your business. It downloads up to 2 weeks of music and prevents audio dips or drops. It also provides the ultimate control stops staff from making changes to the music without the proper permissions.<\/p>\n<p><strong>Stability and Control<\/strong><\/p>\n<p>The Soundtrack Player is the perfect solution for those who want to enjoy their music without any hassle of dealing with smart tablettes and smartphones. It&#8217;s easy-to connect and lets you control what is played.<\/p>\n<p><strong>Remote Control<\/strong><\/p>\n<p>Control all of your Soundtrack Players from anywhere in the world using one single interface. Let your staff respond to the moment by changing volume or skipping a song using the remote app (iPhone and iPad).<\/p>","protected":false},"excerpt":{"rendered":"<div class=\"elementor-element elementor-element-4b01ad9 syb-parag elementor-widget elementor-widget-text-editor\" data-id=\"4b01ad9\" data-element_type=\"widget\" data-settings=\"{&quot;_animation_mobile&quot;:&quot;none&quot;}\" data-widget_type=\"text-editor.default\">\n<div class=\"elementor-widget-container\">\n<div class=\"elementor-text-editor elementor-clearfix\">\n<p><span class=\"wysiwyg-font-size-medium\">The Soundtrack Player 3.0 is a reliable, set-it and forget-it solution fully dedicated for the Soundtrack Your Brand music service. It\u00a0 easily connects to your in-store audio system and amp. <\/span>The player does all the heavy lifting,\u00a0 syncing with your online account and playing all your selected playlists and schedules.<\/p>\n<\/div>\n<\/div>\n<\/div>\n<div class=\"elementor-element elementor-element-589acc4 syb-parag elementor-widget elementor-widget-text-editor\" data-id=\"589acc4\" data-element_type=\"widget\" data-widget_type=\"text-editor.default\">\n<div class=\"elementor-widget-container\">\n<div class=\"elementor-text-editor elementor-clearfix\">\n<p>Includes 13 gb internal memory that can store up to 2 weeks of music.<\/p>\n<\/div>\n<p>Couture Media provides next day shipping throughout most parts of Canada. We ship with UPS to the US.<\/p>\n<p>The soundtrack player comes with all the necessary cables needed to connect to your existing audio system and network. A 6\u2032 Ethernet cable, RCA and power adapter.<\/p>\n<p>1 year warranty<\/p>\n<\/div>\n<\/div>\n<p><span class=\"m_8026138572650623690gmail-m_-8164179184216339160gmail-s1\">\u00a0\u2013<\/span><\/p>\n<p>Le Soundtrack Player est une solution fiable, enti\u00e8rement d\u00e9di\u00e9e au service de musique Soundtrack Your Brand. Il se connecte facilement \u00e0 votre syst\u00e8me audio en magasin. Le lecteur fait tout le gros du travail, il se synchronise avec votre compte en ligne et joue toutes vos playlist et programmes s\u00e9lectionn\u00e9s.<\/p>\n<p>Comprend une m\u00e9moire interne de 13 Go pouvant stocker jusqu\u2019\u00e0 2 semaines de musique.<\/p>\n<p>Couture Media fournit l\u2019exp\u00e9dition le lendemain dans la plupart des r\u00e9gions du Canada. Nous exp\u00e9dions avec UPS aux \u00c9tats-Unis.<\/p>\n<p>1 an de garantie<\/p>","protected":false},"featured_media":19823,"template":"","meta":{"_acf_changed":false},"product_brand":[1149],"product_cat":[514,1099],"product_tag":[512,508,509,510,511],"class_list":{"0":"post-19775","1":"product","2":"type-product","3":"status-publish","4":"has-post-thumbnail","6":"product_brand-soundtrack-your-brand","7":"product_cat-soundtrack","8":"product_cat-audio-components","9":"product_tag-barix-syb","10":"product_tag-soundtrack-player","11":"product_tag-soundtrack-player-3-0","12":"product_tag-soundtrack-your-brand-player","13":"product_tag-syb-player","15":"first","16":"instock","17":"taxable","18":"shipping-taxable","19":"purchasable","20":"product-type-simple"},"bundled_by":[],"bundle_stock_status":"instock","bundle_stock_quantity":19,"bundle_virtual":false,"bundle_layout":"","bundle_add_to_cart_form_location":"","bundle_editable_in_cart":false,"bundle_sold_individually_context":"","bundle_item_grouping":"","bundle_min_size":"","bundle_max_size":"","bundle_price":[],"bundled_items":[],"bundle_sell_ids":[],"acf":[],"_links":{"self":[{"href":"https:\/\/www.couturemedia.ca\/fr\/wp-json\/wp\/v2\/product\/19775","targetHints":{"allow":["GET"]}}],"collection":[{"href":"https:\/\/www.couturemedia.ca\/fr\/wp-json\/wp\/v2\/product"}],"about":[{"href":"https:\/\/www.couturemedia.ca\/fr\/wp-json\/wp\/v2\/types\/product"}],"wp:featuredmedia":[{"embeddable":true,"href":"https:\/\/www.couturemedia.ca\/fr\/wp-json\/wp\/v2\/media\/19823"}],"wp:attachment":[{"href":"https:\/\/www.couturemedia.ca\/fr\/wp-json\/wp\/v2\/media?parent=19775"}],"wp:term":[{"taxonomy":"product_brand","embeddable":true,"href":"https:\/\/www.couturemedia.ca\/fr\/wp-json\/wp\/v2\/product_brand?post=19775"},{"taxonomy":"product_cat","embeddable":true,"href":"https:\/\/www.couturemedia.ca\/fr\/wp-json\/wp\/v2\/product_cat?post=19775"},{"taxonomy":"product_tag","embeddable":true,"href":"https:\/\/www.couturemedia.ca\/fr\/wp-json\/wp\/v2\/product_tag?post=19775"}],"curies":[{"name":"wp","href":"https:\/\/api.w.org\/{rel}","templated":true}]}}