{"id":8994,"date":"2021-06-10T20:42:06","date_gmt":"2021-06-11T00:42:06","guid":{"rendered":"https:\/\/couturemedia.ca\/?page_id=8994"},"modified":"2026-01-07T06:04:29","modified_gmt":"2026-01-07T11:04:29","slug":"inscrivez-votre-marque-sur-la-bande-son","status":"publish","type":"page","link":"https:\/\/www.couturemedia.ca\/fr\/sign-up-soundtrack-your-brand\/","title":{"rendered":"SIGNER LA BANDE SONORE"},"content":{"rendered":"\t\t<div data-elementor-type=\"wp-page\" data-elementor-id=\"8994\" class=\"elementor elementor-8994\" data-elementor-post-type=\"page\">\n\t\t\t\t\t\t<section class=\"elementor-section elementor-top-section elementor-element elementor-element-3ef7638 elementor-section-boxed elementor-section-height-default elementor-section-height-default\" data-id=\"3ef7638\" data-element_type=\"section\" data-e-type=\"section\">\n\t\t\t\t\t\t<div class=\"elementor-container elementor-column-gap-wider\">\n\t\t\t\t\t<div class=\"elementor-column elementor-col-50 elementor-top-column elementor-element elementor-element-c2aad05\" data-id=\"c2aad05\" data-element_type=\"column\" data-e-type=\"column\">\n\t\t\t<div class=\"elementor-widget-wrap elementor-element-populated\">\n\t\t\t\t\t\t<div class=\"elementor-element elementor-element-19a7e63 elementor-widget elementor-widget-heading\" data-id=\"19a7e63\" data-element_type=\"widget\" data-e-type=\"widget\" data-widget_type=\"heading.default\">\n\t\t\t\t<div class=\"elementor-widget-container\">\n\t\t\t\t\t<h1 class=\"elementor-heading-title elementor-size-default\">Sign up and start your 14-day free trial<\/h1>\t\t\t\t<\/div>\n\t\t\t\t<\/div>\n\t\t\t\t<div class=\"elementor-element elementor-element-15d2a23 elementor-widget elementor-widget-text-editor\" data-id=\"15d2a23\" data-element_type=\"widget\" data-e-type=\"widget\" data-widget_type=\"text-editor.default\">\n\t\t\t\t<div class=\"elementor-widget-container\">\n\t\t\t\t\t\t\t\t\t<p>$50 per month thereafter. Cancel anytime. Your Socan &amp; ReSound fees are included.<\/p>\t\t\t\t\t\t\t\t<\/div>\n\t\t\t\t<\/div>\n\t\t\t\t<div class=\"elementor-element elementor-element-32691fd elementor-button-align-stretch elementor-widget elementor-widget-form\" data-id=\"32691fd\" data-element_type=\"widget\" data-e-type=\"widget\" data-settings=\"{&quot;step_next_label&quot;:&quot;Next&quot;,&quot;step_previous_label&quot;:&quot;Previous&quot;,&quot;button_width&quot;:&quot;100&quot;,&quot;step_type&quot;:&quot;number_text&quot;,&quot;step_icon_shape&quot;:&quot;circle&quot;}\" data-widget_type=\"form.default\">\n\t\t\t\t<div class=\"elementor-widget-container\">\n\t\t\t\t\t\t\t<form class=\"elementor-form\" method=\"post\" name=\"Sign Up\" aria-label=\"Sign Up\">\n\t\t\t<input type=\"hidden\" name=\"post_id\" value=\"8994\"\/>\n\t\t\t<input type=\"hidden\" name=\"form_id\" value=\"32691fd\"\/>\n\t\t\t<input type=\"hidden\" name=\"referer_title\" value=\"SIGN UP SOUNDTRACK - Couture Media\" \/>\n\n\t\t\t\t\t\t\t<input type=\"hidden\" name=\"queried_id\" value=\"8994\"\/>\n\t\t\t\n\t\t\t<div class=\"elementor-form-fields-wrapper elementor-labels-\">\n\t\t\t\t\t\t\t\t<div class=\"elementor-field-type-text elementor-field-group elementor-column elementor-field-group-name elementor-col-100 elementor-field-required\">\n\t\t\t\t\t\t\t\t\t\t\t\t<label for=\"form-field-name\" class=\"elementor-field-label elementor-screen-only\">\n\t\t\t\t\t\t\t\tFirst Name\t\t\t\t\t\t\t<\/label>\n\t\t\t\t\t\t\t\t\t\t\t\t\t\t<input size=\"1\" type=\"text\" name=\"form_fields[name]\" id=\"form-field-name\" class=\"elementor-field elementor-size-sm  elementor-field-textual\" placeholder=\"First Name\" required=\"required\">\n\t\t\t\t\t\t\t\t\t\t\t<\/div>\n\t\t\t\t\t\t\t\t<div class=\"elementor-field-type-text elementor-field-group elementor-column elementor-field-group-field_180b72d elementor-col-100\">\n\t\t\t\t\t\t\t\t\t\t\t\t<label for=\"form-field-field_180b72d\" class=\"elementor-field-label elementor-screen-only\">\n\t\t\t\t\t\t\t\tLast Name\t\t\t\t\t\t\t<\/label>\n\t\t\t\t\t\t\t\t\t\t\t\t\t\t<input size=\"1\" type=\"text\" name=\"form_fields[field_180b72d]\" id=\"form-field-field_180b72d\" class=\"elementor-field elementor-size-sm  elementor-field-textual\" placeholder=\"Last Name\">\n\t\t\t\t\t\t\t\t\t\t\t<\/div>\n\t\t\t\t\t\t\t\t<div class=\"elementor-field-type-email elementor-field-group elementor-column elementor-field-group-email elementor-col-100 elementor-field-required\">\n\t\t\t\t\t\t\t\t\t\t\t\t<label for=\"form-field-email\" class=\"elementor-field-label elementor-screen-only\">\n\t\t\t\t\t\t\t\tEmail\t\t\t\t\t\t\t<\/label>\n\t\t\t\t\t\t\t\t\t\t\t\t\t\t<input size=\"1\" type=\"email\" name=\"form_fields[email]\" id=\"form-field-email\" class=\"elementor-field elementor-size-sm  elementor-field-textual\" placeholder=\"Email\" required=\"required\">\n\t\t\t\t\t\t\t\t\t\t\t<\/div>\n\t\t\t\t\t\t\t\t<div class=\"elementor-field-type-text elementor-field-group elementor-column elementor-field-group-field_4c8bb21 elementor-col-100 elementor-field-required\">\n\t\t\t\t\t\t\t\t\t\t\t\t<label for=\"form-field-field_4c8bb21\" class=\"elementor-field-label elementor-screen-only\">\n\t\t\t\t\t\t\t\tCompany\t\t\t\t\t\t\t<\/label>\n\t\t\t\t\t\t\t\t\t\t\t\t\t\t<input size=\"1\" type=\"text\" name=\"form_fields[field_4c8bb21]\" id=\"form-field-field_4c8bb21\" class=\"elementor-field elementor-size-sm  elementor-field-textual\" placeholder=\"Company\" required=\"required\">\n\t\t\t\t\t\t\t\t\t\t\t<\/div>\n\t\t\t\t\t\t\t\t<div class=\"elementor-field-type-tel elementor-field-group elementor-column elementor-field-group-field_7853b4d elementor-col-100 elementor-field-required\">\n\t\t\t\t\t\t\t\t\t\t\t\t<label for=\"form-field-field_7853b4d\" class=\"elementor-field-label elementor-screen-only\">\n\t\t\t\t\t\t\t\tPhone Number\t\t\t\t\t\t\t<\/label>\n\t\t\t\t\t\t\t\t<input size=\"1\" type=\"tel\" name=\"form_fields[field_7853b4d]\" id=\"form-field-field_7853b4d\" class=\"elementor-field elementor-size-sm  elementor-field-textual\" placeholder=\"Phone Number\" required=\"required\" pattern=\"[0-9()#&amp;+*-=.]+\" title=\"Seuls les caract\u00e8res de num\u00e9ros de t\u00e9l\u00e9phone (#, -, *, etc.) sont accept\u00e9s.\">\n\n\t\t\t\t\t\t<\/div>\n\t\t\t\t\t\t\t\t<div class=\"elementor-field-group elementor-column elementor-field-type-submit elementor-col-100 e-form__buttons\">\n\t\t\t\t\t<button class=\"elementor-button elementor-size-sm elementor-animation-shrink\" type=\"submit\">\n\t\t\t\t\t\t<span class=\"elementor-button-content-wrapper\">\n\t\t\t\t\t\t\t\t\t\t\t\t\t\t\t\t\t\t\t\t\t\t<span class=\"elementor-button-text\">Complete Sign Up!<\/span>\n\t\t\t\t\t\t\t\t\t\t\t\t\t<\/span>\n\t\t\t\t\t<\/button>\n\t\t\t\t<\/div>\n\t\t\t<\/div>\n\t\t<\/form>\n\t\t\t\t\t\t<\/div>\n\t\t\t\t<\/div>\n\t\t\t\t<div class=\"elementor-element elementor-element-6fcea90 elementor-widget elementor-widget-image\" data-id=\"6fcea90\" data-element_type=\"widget\" data-e-type=\"widget\" data-widget_type=\"image.default\">\n\t\t\t\t<div class=\"elementor-widget-container\">\n\t\t\t\t\t\t\t\t\t\t\t\t\t\t\t<img decoding=\"async\" width=\"300\" height=\"127\" src=\"https:\/\/www.couturemedia.ca\/wp-content\/uploads\/2025\/05\/Partner-of-Soundtrack-Black-300x127.png\" class=\"attachment-medium size-medium wp-image-18894\" alt=\"Couture Media partner logo for Soundtrack, a licensed in-store music platform for business.\" srcset=\"https:\/\/www.couturemedia.ca\/wp-content\/uploads\/2025\/05\/Partner-of-Soundtrack-Black-300x127.png 300w, https:\/\/www.couturemedia.ca\/wp-content\/uploads\/2025\/05\/Partner-of-Soundtrack-Black-600x255.png 600w, https:\/\/www.couturemedia.ca\/wp-content\/uploads\/2025\/05\/Partner-of-Soundtrack-Black-1024x434.png 1024w, https:\/\/www.couturemedia.ca\/wp-content\/uploads\/2025\/05\/Partner-of-Soundtrack-Black-150x64.png 150w, https:\/\/www.couturemedia.ca\/wp-content\/uploads\/2025\/05\/Partner-of-Soundtrack-Black-768x326.png 768w, https:\/\/www.couturemedia.ca\/wp-content\/uploads\/2025\/05\/Partner-of-Soundtrack-Black-1536x652.png 1536w, https:\/\/www.couturemedia.ca\/wp-content\/uploads\/2025\/05\/Partner-of-Soundtrack-Black-610x259.png 610w, https:\/\/www.couturemedia.ca\/wp-content\/uploads\/2025\/05\/Partner-of-Soundtrack-Black.png 2008w\" sizes=\"(max-width: 300px) 100vw, 300px\" \/>\t\t\t\t\t\t\t\t\t\t\t\t\t\t\t<\/div>\n\t\t\t\t<\/div>\n\t\t\t\t\t<\/div>\n\t\t<\/div>\n\t\t\t\t<div class=\"elementor-column elementor-col-50 elementor-top-column elementor-element elementor-element-d195972\" data-id=\"d195972\" data-element_type=\"column\" data-e-type=\"column\">\n\t\t\t<div class=\"elementor-widget-wrap elementor-element-populated\">\n\t\t\t\t\t\t<div class=\"elementor-element elementor-element-7dfe5ad elementor-widget elementor-widget-heading\" data-id=\"7dfe5ad\" data-element_type=\"widget\" data-e-type=\"widget\" data-widget_type=\"heading.default\">\n\t\t\t\t<div class=\"elementor-widget-container\">\n\t\t\t\t\t<h2 class=\"elementor-heading-title elementor-size-default\">Features:<\/h2>\t\t\t\t<\/div>\n\t\t\t\t<\/div>\n\t\t\t\t<div class=\"elementor-element elementor-element-d62cdbc elementor-widget elementor-widget-text-editor\" data-id=\"d62cdbc\" data-element_type=\"widget\" data-e-type=\"widget\" data-widget_type=\"text-editor.default\">\n\t\t\t\t<div class=\"elementor-widget-container\">\n\t\t\t\t\t\t\t\t\t<ul>\n<li>1500+ ready-made playlists<\/li>\n<li>100 million tracks<\/li>\n<li>Import Spotify playlists<\/li>\n<li>Schedule music ahead of time<\/li>\n<li>Block expletives<\/li>\n<li>Easily manage multi-locations<\/li>\n<\/ul>\t\t\t\t\t\t\t\t<\/div>\n\t\t\t\t<\/div>\n\t\t\t\t<div class=\"elementor-element elementor-element-2a3171f elementor-widget elementor-widget-image\" data-id=\"2a3171f\" data-element_type=\"widget\" data-e-type=\"widget\" data-widget_type=\"image.default\">\n\t\t\t\t<div class=\"elementor-widget-container\">\n\t\t\t\t\t\t\t\t\t\t\t\t\t\t\t<img fetchpriority=\"high\" decoding=\"async\" width=\"608\" height=\"1024\" src=\"https:\/\/www.couturemedia.ca\/wp-content\/uploads\/2021\/05\/tild3435-3965-4266-b563-383730363537__iphone_1-608x1024-1-e1605801482960.png\" class=\"attachment-medium_large size-medium_large wp-image-7698\" alt=\"iphone displaying soundtrack your brand remote app\" srcset=\"https:\/\/www.couturemedia.ca\/wp-content\/uploads\/2021\/05\/tild3435-3965-4266-b563-383730363537__iphone_1-608x1024-1-e1605801482960.png 608w, https:\/\/www.couturemedia.ca\/wp-content\/uploads\/2021\/05\/tild3435-3965-4266-b563-383730363537__iphone_1-608x1024-1-e1605801482960-600x1011.png 600w, https:\/\/www.couturemedia.ca\/wp-content\/uploads\/2021\/05\/tild3435-3965-4266-b563-383730363537__iphone_1-608x1024-1-e1605801482960-178x300.png 178w\" sizes=\"(max-width: 608px) 100vw, 608px\" \/>\t\t\t\t\t\t\t\t\t\t\t\t\t\t\t<\/div>\n\t\t\t\t<\/div>\n\t\t\t\t\t<\/div>\n\t\t<\/div>\n\t\t\t\t\t<\/div>\n\t\t<\/section>\n\t\t\t\t<\/div>\n\t\t","protected":false},"excerpt":{"rendered":"<p>Sign up and start your 14-day free trial $50 per month thereafter. Cancel anytime. Your Socan &amp; ReSound fees are included. Features: 1000 ready-made playlists 100 million tracks Import Spotify playlists Schedule music ahead of time Block expletives Easily manage multi-locations<\/p>","protected":false},"author":2,"featured_media":0,"parent":0,"menu_order":0,"comment_status":"closed","ping_status":"closed","template":"elementor_header_footer","meta":{"_acf_changed":false,"footnotes":""},"class_list":["post-8994","page","type-page","status-publish","hentry"],"blocksy_meta":[],"acf":[],"_links":{"self":[{"href":"https:\/\/www.couturemedia.ca\/fr\/wp-json\/wp\/v2\/pages\/8994","targetHints":{"allow":["GET"]}}],"collection":[{"href":"https:\/\/www.couturemedia.ca\/fr\/wp-json\/wp\/v2\/pages"}],"about":[{"href":"https:\/\/www.couturemedia.ca\/fr\/wp-json\/wp\/v2\/types\/page"}],"author":[{"embeddable":true,"href":"https:\/\/www.couturemedia.ca\/fr\/wp-json\/wp\/v2\/users\/2"}],"replies":[{"embeddable":true,"href":"https:\/\/www.couturemedia.ca\/fr\/wp-json\/wp\/v2\/comments?post=8994"}],"version-history":[{"count":1,"href":"https:\/\/www.couturemedia.ca\/fr\/wp-json\/wp\/v2\/pages\/8994\/revisions"}],"predecessor-version":[{"id":19451,"href":"https:\/\/www.couturemedia.ca\/fr\/wp-json\/wp\/v2\/pages\/8994\/revisions\/19451"}],"wp:attachment":[{"href":"https:\/\/www.couturemedia.ca\/fr\/wp-json\/wp\/v2\/media?parent=8994"}],"curies":[{"name":"wp","href":"https:\/\/api.w.org\/{rel}","templated":true}]}}