{"id":4997,"date":"2021-02-01T22:54:59","date_gmt":"2021-02-02T03:54:59","guid":{"rendered":"https:\/\/couturemedia.ca\/?page_id=4997"},"modified":"2026-01-07T14:14:40","modified_gmt":"2026-01-07T19:14:40","slug":"music-for-business-insights","status":"publish","type":"page","link":"https:\/\/www.couturemedia.ca\/fr\/music-for-business-insights\/","title":{"rendered":"La musique au service des entreprises"},"content":{"rendered":"<div data-elementor-type=\"wp-page\" data-elementor-id=\"4997\" class=\"elementor elementor-4997\" data-elementor-post-type=\"page\">\n\t\t\t\t\t\t<section class=\"elementor-section elementor-top-section elementor-element elementor-element-f06acd8 elementor-section-boxed elementor-section-height-default elementor-section-height-default\" data-id=\"f06acd8\" data-element_type=\"section\" data-e-type=\"section\" data-settings=\"{&quot;background_background&quot;:&quot;classic&quot;}\">\n\t\t\t\t\t\t<div class=\"elementor-container elementor-column-gap-default\">\n\t\t\t\t\t<div class=\"elementor-column elementor-col-100 elementor-top-column elementor-element elementor-element-cf0995c\" data-id=\"cf0995c\" data-element_type=\"column\" data-e-type=\"column\">\n\t\t\t<div class=\"elementor-widget-wrap elementor-element-populated\">\n\t\t\t\t\t\t<div class=\"elementor-element elementor-element-0d85689 elementor-widget elementor-widget-heading\" data-id=\"0d85689\" data-element_type=\"widget\" data-e-type=\"widget\" data-widget_type=\"heading.default\">\n\t\t\t\t<div class=\"elementor-widget-container\">\n\t\t\t\t\t<h2 class=\"elementor-heading-title elementor-size-default\">La musique au service des entreprises<\/h2>\t\t\t\t<\/div>\n\t\t\t\t<\/div>\n\t\t\t\t<div class=\"elementor-element elementor-element-a98dced elementor-widget elementor-widget-heading\" data-id=\"a98dced\" data-element_type=\"widget\" data-e-type=\"widget\" data-widget_type=\"heading.default\">\n\t\t\t\t<div class=\"elementor-widget-container\">\n\t\t\t\t\t<h1 class=\"elementor-heading-title elementor-size-default\">Practical insights on music, audio systems, and sound strategy for restaurants, retailers, and commercial spaces. Our articles are written to help business owners and operators make informed decisions about music and audio in their environments.<\/h1>\t\t\t\t<\/div>\n\t\t\t\t<\/div>\n\t\t\t\t\t<\/div>\n\t\t<\/div>\n\t\t\t\t\t<\/div>\n\t\t<\/section>\n\t\t<div class=\"elementor-element elementor-element-f46cb67 e-flex e-con-boxed e-con e-parent\" data-id=\"f46cb67\" data-element_type=\"container\" data-e-type=\"container\">\n\t\t\t\t\t<div class=\"e-con-inner\">\n\t\t<div class=\"elementor-element elementor-element-101c16c e-con-full e-flex e-con e-child\" data-id=\"101c16c\" data-element_type=\"container\" data-e-type=\"container\">\n\t\t\t\t<div class=\"elementor-element elementor-element-a3fad68 elementor-grid-3 elementor-grid-tablet-2 elementor-grid-mobile-1 elementor-posts--thumbnail-top elementor-card-shadow-yes elementor-posts__hover-gradient elementor-widget elementor-widget-posts\" data-id=\"a3fad68\" data-element_type=\"widget\" data-e-type=\"widget\" data-settings=\"{&quot;pagination_type&quot;:&quot;numbers&quot;,&quot;cards_columns&quot;:&quot;3&quot;,&quot;cards_columns_tablet&quot;:&quot;2&quot;,&quot;cards_columns_mobile&quot;:&quot;1&quot;,&quot;cards_row_gap&quot;:{&quot;unit&quot;:&quot;px&quot;,&quot;size&quot;:35,&quot;sizes&quot;:[]},&quot;cards_row_gap_tablet&quot;:{&quot;unit&quot;:&quot;px&quot;,&quot;size&quot;:&quot;&quot;,&quot;sizes&quot;:[]},&quot;cards_row_gap_mobile&quot;:{&quot;unit&quot;:&quot;px&quot;,&quot;size&quot;:&quot;&quot;,&quot;sizes&quot;:[]}}\" data-widget_type=\"posts.cards\">\n\t\t\t\t<div class=\"elementor-widget-container\">\n\t\t\t\t\t\t\t<div class=\"elementor-posts-container elementor-posts elementor-posts--skin-cards elementor-grid\" role=\"list\">\n\t\t\t\t<article class=\"elementor-post elementor-grid-item post-3732 post type-post status-publish format-standard has-post-thumbnail hentry category-blog-post category-music-for-business tag-background-music-for-stores tag-entandem tag-music-for-stores tag-music-licensing-canada tag-playing-music-in-store tag-playing-music-legally tag-re-sound tag-resound tag-socan tag-streaming-music-service-for-business\" role=\"listitem\">\n\t\t\t<div class=\"elementor-post__card\">\n\t\t\t\t<a class=\"elementor-post__thumbnail__link\" href=\"https:\/\/www.couturemedia.ca\/fr\/do-i-need-to-pay-entandem-licensing\/\" tabindex=\"-1\"><div class=\"elementor-post__thumbnail\"><img decoding=\"async\" width=\"300\" height=\"157\" src=\"https:\/\/www.couturemedia.ca\/wp-content\/uploads\/2021\/08\/Do-I-Need-To-Pay-Entandem-Fees-1-300x157.jpg\" class=\"attachment-medium size-medium wp-image-16618\" alt=\"Image de couverture pour l&#039;article de blog sur Do I need to pay Entandem fees\" srcset=\"https:\/\/www.couturemedia.ca\/wp-content\/uploads\/2021\/08\/Do-I-Need-To-Pay-Entandem-Fees-1-300x157.jpg 300w, https:\/\/www.couturemedia.ca\/wp-content\/uploads\/2021\/08\/Do-I-Need-To-Pay-Entandem-Fees-1-600x314.jpg 600w, https:\/\/www.couturemedia.ca\/wp-content\/uploads\/2021\/08\/Do-I-Need-To-Pay-Entandem-Fees-1-1024x536.jpg 1024w, https:\/\/www.couturemedia.ca\/wp-content\/uploads\/2021\/08\/Do-I-Need-To-Pay-Entandem-Fees-1-150x79.jpg 150w, https:\/\/www.couturemedia.ca\/wp-content\/uploads\/2021\/08\/Do-I-Need-To-Pay-Entandem-Fees-1-768x402.jpg 768w, https:\/\/www.couturemedia.ca\/wp-content\/uploads\/2021\/08\/Do-I-Need-To-Pay-Entandem-Fees-1.jpg 1200w\" sizes=\"(max-width: 300px) 100vw, 300px\" \/><\/div><\/a>\n\t\t\t\t<div class=\"elementor-post__text\">\n\t\t\t\t<h3 class=\"elementor-post__title\">\n\t\t\t<a href=\"https:\/\/www.couturemedia.ca\/fr\/do-i-need-to-pay-entandem-licensing\/\">\n\t\t\t\tDois-je payer la licence Entandem en 2025 ?\t\t\t<\/a>\n\t\t<\/h3>\n\t\t\t\t<div class=\"elementor-post__excerpt\">\n\t\t\t<p>Entandem est une coentreprise entre RE:SOUND et la SOCAN, cr\u00e9\u00e9e pour simplifier le processus d'octroi de licences afin que vous puissiez diffuser toute la musique que vous voulez dans votre entreprise de fa\u00e7on l\u00e9gale et \u00e9thique, en veillant \u00e0 ce que ceux qui ont cr\u00e9\u00e9 la musique soient r\u00e9mun\u00e9r\u00e9s.<\/p>\n\t\t<\/div>\n\t\t\t\t\t<div class=\"elementor-post__read-more-wrapper\">\n\t\t\n\t\t<a class=\"elementor-post__read-more\" href=\"https:\/\/www.couturemedia.ca\/fr\/do-i-need-to-pay-entandem-licensing\/\" aria-label=\"Read more about Do I need to pay Entandem licensing in 2025?\" tabindex=\"-1\">\n\t\t\tRead More \u00bb\t\t<\/a>\n\n\t\t\t\t\t<\/div>\n\t\t\t\t<\/div>\n\t\t\t\t\t<\/div>\n\t\t<\/article>\n\t\t\t\t<article class=\"elementor-post elementor-grid-item post-16708 post type-post status-publish format-standard has-post-thumbnail hentry category-music-for-business category-blog-post tag-background-music tag-music-for-business tag-music-licensing tag-playing-music-in-your-business tag-playing-music-legally\" role=\"listitem\">\n\t\t\t<div class=\"elementor-post__card\">\n\t\t\t\t<a class=\"elementor-post__thumbnail__link\" href=\"https:\/\/www.couturemedia.ca\/fr\/legal-implications-of-music-in-your-business\/\" tabindex=\"-1\"><div class=\"elementor-post__thumbnail\"><img decoding=\"async\" width=\"300\" height=\"157\" src=\"https:\/\/www.couturemedia.ca\/wp-content\/uploads\/2023\/03\/legal-music-1-300x157.png\" class=\"attachment-medium size-medium wp-image-16736\" alt=\"A customer is shown waiting for their order at a well lit, modern style cafe, with one worker behind the counter\" srcset=\"https:\/\/www.couturemedia.ca\/wp-content\/uploads\/2023\/03\/legal-music-1-300x157.png 300w, https:\/\/www.couturemedia.ca\/wp-content\/uploads\/2023\/03\/legal-music-1-600x314.png 600w, https:\/\/www.couturemedia.ca\/wp-content\/uploads\/2023\/03\/legal-music-1-1024x536.png 1024w, https:\/\/www.couturemedia.ca\/wp-content\/uploads\/2023\/03\/legal-music-1-150x79.png 150w, https:\/\/www.couturemedia.ca\/wp-content\/uploads\/2023\/03\/legal-music-1-768x402.png 768w, https:\/\/www.couturemedia.ca\/wp-content\/uploads\/2023\/03\/legal-music-1.png 1200w\" sizes=\"(max-width: 300px) 100vw, 300px\" \/><\/div><\/a>\n\t\t\t\t<div class=\"elementor-post__text\">\n\t\t\t\t<h3 class=\"elementor-post__title\">\n\t\t\t<a href=\"https:\/\/www.couturemedia.ca\/fr\/legal-implications-of-music-in-your-business\/\">\n\t\t\t\tDanser sur une glace fine : Comprendre les implications juridiques de la musique dans votre entreprise\t\t\t<\/a>\n\t\t<\/h3>\n\t\t\t\t<div class=\"elementor-post__excerpt\">\n\t\t\t<p>Ensure your music is legally compliant and let the good times roll! If your business is using music for more than just background ambiance and enhancing the customer experience and<\/p>\n\t\t<\/div>\n\t\t\t\t\t<div class=\"elementor-post__read-more-wrapper\">\n\t\t\n\t\t<a class=\"elementor-post__read-more\" href=\"https:\/\/www.couturemedia.ca\/fr\/legal-implications-of-music-in-your-business\/\" aria-label=\"Read more about Dancing on Thin Ice: Understanding the Legal Implications of Music in Your Business\" tabindex=\"-1\">\n\t\t\tRead More \u00bb\t\t<\/a>\n\n\t\t\t\t\t<\/div>\n\t\t\t\t<\/div>\n\t\t\t\t\t<\/div>\n\t\t<\/article>\n\t\t\t\t<article class=\"elementor-post elementor-grid-item post-17828 post type-post status-publish format-standard has-post-thumbnail hentry category-music-for-business category-music-insights category-blog-post tag-background-music tag-background-music-for-stores tag-background-music-service-licensing tag-enhancing-your-business tag-in-store-music tag-music tag-music-for-business tag-music-for-stores tag-volume\" role=\"listitem\">\n\t\t\t<div class=\"elementor-post__card\">\n\t\t\t\t<a class=\"elementor-post__thumbnail__link\" href=\"https:\/\/www.couturemedia.ca\/fr\/volume-and-enhancing-your-business-with-music\/\" tabindex=\"-1\"><div class=\"elementor-post__thumbnail\"><img decoding=\"async\" width=\"300\" height=\"157\" src=\"https:\/\/www.couturemedia.ca\/wp-content\/uploads\/2023\/07\/Blog-Cover-2-300x157.png\" class=\"attachment-medium size-medium wp-image-17849\" alt=\"Trouver et r\u00e9gler le volume parfait : La musique au service de votre entreprise\" srcset=\"https:\/\/www.couturemedia.ca\/wp-content\/uploads\/2023\/07\/Blog-Cover-2-300x157.png 300w, https:\/\/www.couturemedia.ca\/wp-content\/uploads\/2023\/07\/Blog-Cover-2-600x314.png 600w, https:\/\/www.couturemedia.ca\/wp-content\/uploads\/2023\/07\/Blog-Cover-2-1024x536.png 1024w, https:\/\/www.couturemedia.ca\/wp-content\/uploads\/2023\/07\/Blog-Cover-2-150x79.png 150w, https:\/\/www.couturemedia.ca\/wp-content\/uploads\/2023\/07\/Blog-Cover-2-768x402.png 768w, https:\/\/www.couturemedia.ca\/wp-content\/uploads\/2023\/07\/Blog-Cover-2-610x319.png 610w, https:\/\/www.couturemedia.ca\/wp-content\/uploads\/2023\/07\/Blog-Cover-2.png 1200w\" sizes=\"(max-width: 300px) 100vw, 300px\" \/><\/div><\/a>\n\t\t\t\t<div class=\"elementor-post__text\">\n\t\t\t\t<h3 class=\"elementor-post__title\">\n\t\t\t<a href=\"https:\/\/www.couturemedia.ca\/fr\/volume-and-enhancing-your-business-with-music\/\">\n\t\t\t\tTrouver et r\u00e9gler le volume parfait : La musique au service de votre entreprise\t\t\t<\/a>\n\t\t<\/h3>\n\t\t\t\t<div class=\"elementor-post__excerpt\">\n\t\t\t<p>Music possesses a remarkable ability to shape the atmosphere within your business. However, striking the right volume can prove challenging. Play it too softly, and it may fade into the<\/p>\n\t\t<\/div>\n\t\t\t\t\t<div class=\"elementor-post__read-more-wrapper\">\n\t\t\n\t\t<a class=\"elementor-post__read-more\" href=\"https:\/\/www.couturemedia.ca\/fr\/volume-and-enhancing-your-business-with-music\/\" aria-label=\"Read more about Finding and Setting the Perfect Volume: Enhancing Your Business with Music\" tabindex=\"-1\">\n\t\t\tRead More \u00bb\t\t<\/a>\n\n\t\t\t\t\t<\/div>\n\t\t\t\t<\/div>\n\t\t\t\t\t<\/div>\n\t\t<\/article>\n\t\t\t\t<article class=\"elementor-post elementor-grid-item post-18566 post type-post status-publish format-standard has-post-thumbnail hentry category-music-for-business category-blog-post tag-background-music tag-background-music-for-stores tag-build-brand-loyalty tag-customer-loyalty tag-music-for-business tag-music-for-stores\" role=\"listitem\">\n\t\t\t<div class=\"elementor-post__card\">\n\t\t\t\t<a class=\"elementor-post__thumbnail__link\" href=\"https:\/\/www.couturemedia.ca\/fr\/music-and-customer-loyalty\/\" tabindex=\"-1\"><div class=\"elementor-post__thumbnail\"><img loading=\"lazy\" decoding=\"async\" width=\"300\" height=\"157\" src=\"https:\/\/www.couturemedia.ca\/wp-content\/uploads\/2023\/11\/Blog-Cover-26-300x157.png\" class=\"attachment-medium size-medium wp-image-18577\" alt=\"Musique et fid\u00e9lisation des clients : Comment la musique peut fid\u00e9liser les clients\" srcset=\"https:\/\/www.couturemedia.ca\/wp-content\/uploads\/2023\/11\/Blog-Cover-26-300x157.png 300w, https:\/\/www.couturemedia.ca\/wp-content\/uploads\/2023\/11\/Blog-Cover-26-600x314.png 600w, https:\/\/www.couturemedia.ca\/wp-content\/uploads\/2023\/11\/Blog-Cover-26-1024x536.png 1024w, https:\/\/www.couturemedia.ca\/wp-content\/uploads\/2023\/11\/Blog-Cover-26-150x79.png 150w, https:\/\/www.couturemedia.ca\/wp-content\/uploads\/2023\/11\/Blog-Cover-26-768x402.png 768w, https:\/\/www.couturemedia.ca\/wp-content\/uploads\/2023\/11\/Blog-Cover-26-610x319.png 610w, https:\/\/www.couturemedia.ca\/wp-content\/uploads\/2023\/11\/Blog-Cover-26.png 1200w\" sizes=\"(max-width: 300px) 100vw, 300px\" \/><\/div><\/a>\n\t\t\t\t<div class=\"elementor-post__text\">\n\t\t\t\t<h3 class=\"elementor-post__title\">\n\t\t\t<a href=\"https:\/\/www.couturemedia.ca\/fr\/music-and-customer-loyalty\/\">\n\t\t\t\tMusique et fid\u00e9lisation des clients : Comment la musique peut fid\u00e9liser les clients\t\t\t<\/a>\n\t\t<\/h3>\n\t\t\t\t<div class=\"elementor-post__excerpt\">\n\t\t\t<p>Customer loyalty is a cornerstone of business success. Loyal customers not only make repeat purchases but also become brand advocates, driving new business through referrals and positive word-of-mouth. Today we\u2019re<\/p>\n\t\t<\/div>\n\t\t\t\t\t<div class=\"elementor-post__read-more-wrapper\">\n\t\t\n\t\t<a class=\"elementor-post__read-more\" href=\"https:\/\/www.couturemedia.ca\/fr\/music-and-customer-loyalty\/\" aria-label=\"Read more about Music and Customer Loyalty: How It Can Keep Customers Coming Back\" tabindex=\"-1\">\n\t\t\tRead More \u00bb\t\t<\/a>\n\n\t\t\t\t\t<\/div>\n\t\t\t\t<\/div>\n\t\t\t\t\t<\/div>\n\t\t<\/article>\n\t\t\t\t<article class=\"elementor-post elementor-grid-item post-18018 post type-post status-publish format-standard has-post-thumbnail hentry category-music-for-business category-blog-post tag-audio-solutions tag-audio-systems tag-background-music tag-background-music-for-stores tag-music-for-business tag-music-for-commercial-use tag-music-for-stores tag-music-solutions\" role=\"listitem\">\n\t\t\t<div class=\"elementor-post__card\">\n\t\t\t\t<a class=\"elementor-post__thumbnail__link\" href=\"https:\/\/www.couturemedia.ca\/fr\/audio-systems-for-commercial-business\/\" tabindex=\"-1\"><div class=\"elementor-post__thumbnail\"><img loading=\"lazy\" decoding=\"async\" width=\"300\" height=\"157\" src=\"https:\/\/www.couturemedia.ca\/wp-content\/uploads\/2023\/07\/Blog-Cover-7-300x157.png\" class=\"attachment-medium size-medium wp-image-18048\" alt=\"Explorer les syst\u00e8mes audio pour les entreprises commerciales : Guide des solutions de musique de fond\" srcset=\"https:\/\/www.couturemedia.ca\/wp-content\/uploads\/2023\/07\/Blog-Cover-7-300x157.png 300w, https:\/\/www.couturemedia.ca\/wp-content\/uploads\/2023\/07\/Blog-Cover-7-600x314.png 600w, https:\/\/www.couturemedia.ca\/wp-content\/uploads\/2023\/07\/Blog-Cover-7-1024x536.png 1024w, https:\/\/www.couturemedia.ca\/wp-content\/uploads\/2023\/07\/Blog-Cover-7-150x79.png 150w, https:\/\/www.couturemedia.ca\/wp-content\/uploads\/2023\/07\/Blog-Cover-7-768x402.png 768w, https:\/\/www.couturemedia.ca\/wp-content\/uploads\/2023\/07\/Blog-Cover-7-610x319.png 610w, https:\/\/www.couturemedia.ca\/wp-content\/uploads\/2023\/07\/Blog-Cover-7.png 1200w\" sizes=\"(max-width: 300px) 100vw, 300px\" \/><\/div><\/a>\n\t\t\t\t<div class=\"elementor-post__text\">\n\t\t\t\t<h3 class=\"elementor-post__title\">\n\t\t\t<a href=\"https:\/\/www.couturemedia.ca\/fr\/audio-systems-for-commercial-business\/\">\n\t\t\t\tExplorer les syst\u00e8mes audio pour les entreprises commerciales : Guide des solutions de musique de fond\t\t\t<\/a>\n\t\t<\/h3>\n\t\t\t\t<div class=\"elementor-post__excerpt\">\n\t\t\t<p>We know that audio systems and music play a vital role in enhancing the ambiance and customer experience within commercial spaces. In this blog post, we will delve into the<\/p>\n\t\t<\/div>\n\t\t\t\t\t<div class=\"elementor-post__read-more-wrapper\">\n\t\t\n\t\t<a class=\"elementor-post__read-more\" href=\"https:\/\/www.couturemedia.ca\/fr\/audio-systems-for-commercial-business\/\" aria-label=\"Read more about Exploring Audio Systems for Commercial Businesses: A Guide to Background Music Solutions\" tabindex=\"-1\">\n\t\t\tRead More \u00bb\t\t<\/a>\n\n\t\t\t\t\t<\/div>\n\t\t\t\t<\/div>\n\t\t\t\t\t<\/div>\n\t\t<\/article>\n\t\t\t\t<article class=\"elementor-post elementor-grid-item post-18542 post type-post status-publish format-standard has-post-thumbnail hentry category-music-insights category-music-trends category-blog-post tag-background-music tag-mindful tag-mindfulness tag-music tag-music-for-business\" role=\"listitem\">\n\t\t\t<div class=\"elementor-post__card\">\n\t\t\t\t<a class=\"elementor-post__thumbnail__link\" href=\"https:\/\/www.couturemedia.ca\/fr\/music-and-mindfulness\/\" tabindex=\"-1\"><div class=\"elementor-post__thumbnail\"><img loading=\"lazy\" decoding=\"async\" width=\"300\" height=\"157\" src=\"https:\/\/www.couturemedia.ca\/wp-content\/uploads\/2023\/10\/Blog-Cover-24-300x157.png\" class=\"attachment-medium size-medium wp-image-18559\" alt=\"Musique et pleine conscience : S&#039;accorder au moment pr\u00e9sent\" srcset=\"https:\/\/www.couturemedia.ca\/wp-content\/uploads\/2023\/10\/Blog-Cover-24-300x157.png 300w, https:\/\/www.couturemedia.ca\/wp-content\/uploads\/2023\/10\/Blog-Cover-24-600x314.png 600w, https:\/\/www.couturemedia.ca\/wp-content\/uploads\/2023\/10\/Blog-Cover-24-1024x536.png 1024w, https:\/\/www.couturemedia.ca\/wp-content\/uploads\/2023\/10\/Blog-Cover-24-150x79.png 150w, https:\/\/www.couturemedia.ca\/wp-content\/uploads\/2023\/10\/Blog-Cover-24-768x402.png 768w, https:\/\/www.couturemedia.ca\/wp-content\/uploads\/2023\/10\/Blog-Cover-24-610x319.png 610w, https:\/\/www.couturemedia.ca\/wp-content\/uploads\/2023\/10\/Blog-Cover-24.png 1200w\" sizes=\"(max-width: 300px) 100vw, 300px\" \/><\/div><\/a>\n\t\t\t\t<div class=\"elementor-post__text\">\n\t\t\t\t<h3 class=\"elementor-post__title\">\n\t\t\t<a href=\"https:\/\/www.couturemedia.ca\/fr\/music-and-mindfulness\/\">\n\t\t\t\tMusique et pleine conscience : S'accorder au moment pr\u00e9sent\t\t\t<\/a>\n\t\t<\/h3>\n\t\t\t\t<div class=\"elementor-post__excerpt\">\n\t\t\t<p>In our fast-paced, technology-driven world, finding moments of peace and tranquility can be a challenge. Mindfulness, the practice of being fully present and engaged in the moment, offers a solution.<\/p>\n\t\t<\/div>\n\t\t\t\t\t<div class=\"elementor-post__read-more-wrapper\">\n\t\t\n\t\t<a class=\"elementor-post__read-more\" href=\"https:\/\/www.couturemedia.ca\/fr\/music-and-mindfulness\/\" aria-label=\"Read more about Music and Mindfulness: Tuning into the Present Moment\" tabindex=\"-1\">\n\t\t\tRead More \u00bb\t\t<\/a>\n\n\t\t\t\t\t<\/div>\n\t\t\t\t<\/div>\n\t\t\t\t\t<\/div>\n\t\t<\/article>\n\t\t\t\t<\/div>\n\t\t\n\t\t\t\t<div class=\"e-load-more-anchor\" data-page=\"1\" data-max-page=\"12\" data-next-page=\"https:\/\/www.couturemedia.ca\/fr\/wp-json\/wp\/v2\/pages\/4997\/page\/2\/\"><\/div>\n\t\t\t\t<nav class=\"elementor-pagination\" aria-label=\"Pagination\">\n\t\t\t<span aria-current=\"page\" class=\"page-numbers current\"><span class=\"elementor-screen-only\">Page<\/span>1<\/span>\n<a class=\"page-numbers\" href=\"https:\/\/www.couturemedia.ca\/fr\/wp-json\/wp\/v2\/pages\/4997\/page\/2\/\"><span class=\"elementor-screen-only\">Page<\/span>2<\/a>\n<a class=\"page-numbers\" href=\"https:\/\/www.couturemedia.ca\/fr\/wp-json\/wp\/v2\/pages\/4997\/page\/3\/\"><span class=\"elementor-screen-only\">Page<\/span>3<\/a>\n<a class=\"page-numbers\" href=\"https:\/\/www.couturemedia.ca\/fr\/wp-json\/wp\/v2\/pages\/4997\/page\/4\/\"><span class=\"elementor-screen-only\">Page<\/span>4<\/a>\n<a class=\"page-numbers\" href=\"https:\/\/www.couturemedia.ca\/fr\/wp-json\/wp\/v2\/pages\/4997\/page\/5\/\"><span class=\"elementor-screen-only\">Page<\/span>5<\/a>\n<a class=\"page-numbers\" href=\"https:\/\/www.couturemedia.ca\/fr\/wp-json\/wp\/v2\/pages\/4997\/page\/6\/\"><span class=\"elementor-screen-only\">Page<\/span>6<\/a>\n<a class=\"page-numbers\" href=\"https:\/\/www.couturemedia.ca\/fr\/wp-json\/wp\/v2\/pages\/4997\/page\/7\/\"><span class=\"elementor-screen-only\">Page<\/span>7<\/a>\n<a class=\"page-numbers\" href=\"https:\/\/www.couturemedia.ca\/fr\/wp-json\/wp\/v2\/pages\/4997\/page\/8\/\"><span class=\"elementor-screen-only\">Page<\/span>8<\/a>\t\t<\/nav>\n\t\t\t\t\t\t<\/div>\n\t\t\t\t<\/div>\n\t\t\t\t<\/div>\n\t\t\t\t\t<\/div>\n\t\t\t\t<\/div>\n\t\t\t\t<\/div>","protected":false},"excerpt":{"rendered":"<p>Music for Business Insights Practical insights on music, audio systems, and sound strategy for restaurants, retailers, and commercial spaces. Our articles are written to help business owners and operators make informed decisions about music and audio in their environments.<\/p>","protected":false},"author":2,"featured_media":0,"parent":0,"menu_order":0,"comment_status":"closed","ping_status":"closed","template":"elementor_header_footer","meta":{"_acf_changed":false,"footnotes":""},"class_list":["post-4997","page","type-page","status-publish","hentry"],"blocksy_meta":[],"acf":[],"_links":{"self":[{"href":"https:\/\/www.couturemedia.ca\/fr\/wp-json\/wp\/v2\/pages\/4997","targetHints":{"allow":["GET"]}}],"collection":[{"href":"https:\/\/www.couturemedia.ca\/fr\/wp-json\/wp\/v2\/pages"}],"about":[{"href":"https:\/\/www.couturemedia.ca\/fr\/wp-json\/wp\/v2\/types\/page"}],"author":[{"embeddable":true,"href":"https:\/\/www.couturemedia.ca\/fr\/wp-json\/wp\/v2\/users\/2"}],"replies":[{"embeddable":true,"href":"https:\/\/www.couturemedia.ca\/fr\/wp-json\/wp\/v2\/comments?post=4997"}],"version-history":[{"count":4,"href":"https:\/\/www.couturemedia.ca\/fr\/wp-json\/wp\/v2\/pages\/4997\/revisions"}],"predecessor-version":[{"id":19492,"href":"https:\/\/www.couturemedia.ca\/fr\/wp-json\/wp\/v2\/pages\/4997\/revisions\/19492"}],"wp:attachment":[{"href":"https:\/\/www.couturemedia.ca\/fr\/wp-json\/wp\/v2\/media?parent=4997"}],"curies":[{"name":"wp","href":"https:\/\/api.w.org\/{rel}","templated":true}]}}