{"id":4255,"date":"2022-04-25T16:23:17","date_gmt":"2022-04-25T20:23:17","guid":{"rendered":"https:\/\/couturemedia.ca\/?page_id=4255"},"modified":"2022-04-25T16:20:12","modified_gmt":"2022-04-25T20:20:12","slug":"politique-de-confidentialite","status":"publish","type":"page","link":"https:\/\/www.couturemedia.ca\/fr\/privacy-policy\/","title":{"rendered":"POLITIQUE DE CONFIDENTIALIT\u00c9"},"content":{"rendered":"<div data-elementor-type=\"wp-page\" data-elementor-id=\"4255\" class=\"elementor elementor-4255\" data-elementor-post-type=\"page\">\n\t\t\t\t\t\t<section class=\"elementor-section elementor-top-section elementor-element elementor-element-15ed210 elementor-section-boxed elementor-section-height-default elementor-section-height-default\" data-id=\"15ed210\" data-element_type=\"section\" data-e-type=\"section\" data-settings=\"{&quot;background_background&quot;:&quot;classic&quot;}\">\n\t\t\t\t\t\t<div class=\"elementor-container elementor-column-gap-default\">\n\t\t\t\t\t<div class=\"elementor-column elementor-col-100 elementor-top-column elementor-element elementor-element-5834e95\" data-id=\"5834e95\" data-element_type=\"column\" data-e-type=\"column\">\n\t\t\t<div class=\"elementor-widget-wrap elementor-element-populated\">\n\t\t\t\t\t\t<div class=\"elementor-element elementor-element-bd3f097 elementor-widget elementor-widget-heading\" data-id=\"bd3f097\" data-element_type=\"widget\" data-e-type=\"widget\" data-widget_type=\"heading.default\">\n\t\t\t\t<div class=\"elementor-widget-container\">\n\t\t\t\t\t<h1 class=\"elementor-heading-title elementor-size-default\">notre politique de confidentialit\u00e9<\/h1>\t\t\t\t<\/div>\n\t\t\t\t<\/div>\n\t\t\t\t\t<\/div>\n\t\t<\/div>\n\t\t\t\t\t<\/div>\n\t\t<\/section>\n\t\t\t\t<section class=\"elementor-section elementor-top-section elementor-element elementor-element-be57056 elementor-section-boxed elementor-section-height-default elementor-section-height-default\" data-id=\"be57056\" data-element_type=\"section\" data-e-type=\"section\">\n\t\t\t\t\t\t<div class=\"elementor-container elementor-column-gap-default\">\n\t\t\t\t\t<div class=\"elementor-column elementor-col-100 elementor-top-column elementor-element elementor-element-d88f994\" data-id=\"d88f994\" data-element_type=\"column\" data-e-type=\"column\">\n\t\t\t<div class=\"elementor-widget-wrap elementor-element-populated\">\n\t\t\t\t\t\t<div class=\"elementor-element elementor-element-c8505e2 elementor-widget elementor-widget-text-editor\" data-id=\"c8505e2\" data-element_type=\"widget\" data-e-type=\"widget\" data-widget_type=\"text-editor.default\">\n\t\t\t\t<div class=\"elementor-widget-container\">\n\t\t\t\t\t\t\t\t\t<p><strong>A. Introduction<\/strong><\/p><p style=\"padding-left: 40px;\">1. La vie priv\u00e9e des visiteurs de notre site web est tr\u00e8s importante pour nous et nous nous engageons \u00e0 la prot\u00e9ger. La pr\u00e9sente politique explique ce que nous ferons de vos informations personnelles.<\/p><p style=\"padding-left: 40px;\">2. Le fait de consentir \u00e0 l'utilisation de cookies conform\u00e9ment aux conditions de la pr\u00e9sente politique lors de votre premi\u00e8re visite sur notre site web nous permet d'utiliser des cookies \u00e0 chaque fois que vous visitez notre site web.<\/p><p><strong>B. Le cr\u00e9dit<\/strong><\/p><p>Ce document a \u00e9t\u00e9 cr\u00e9\u00e9 \u00e0 partir d'un mod\u00e8le de SEQ Legal (seqlegal.com) et modifi\u00e9 par Couture Media Inc. (www.couturemedia.ca).<\/p><p><strong>C. Collecte d'informations personnelles<\/strong><\/p><p>Les types de renseignements personnels suivants peuvent \u00eatre recueillis, stock\u00e9s et utilis\u00e9s par Couture M\u00e9dia inc :<\/p><p style=\"padding-left: 40px;\">1. des informations sur votre ordinateur, notamment votre adresse IP, votre situation g\u00e9ographique, le type et la version de votre navigateur et votre syst\u00e8me d'exploitation ;<\/p><p style=\"padding-left: 40px;\">2. des informations sur vos visites et votre utilisation de ce site web, y compris la source de r\u00e9f\u00e9rence, la dur\u00e9e de la visite, les pages consult\u00e9es et les chemins de navigation du site web ;<\/p><p style=\"padding-left: 40px;\">3. les informations, telles que votre adresse \u00e9lectronique, que vous saisissez lorsque vous vous inscrivez sur notre site web ;<\/p><p style=\"padding-left: 40px;\">4. les informations que vous saisissez lorsque vous cr\u00e9ez un profil sur notre site web - par exemple, votre nom, vos photos de profil, votre sexe, votre date d'anniversaire, votre statut relationnel, vos centres d'int\u00e9r\u00eat et vos passe-temps, votre formation et votre emploi ;<\/p><p style=\"padding-left: 40px;\">5. les informations, telles que votre nom et votre adresse \u00e9lectronique, que vous saisissez pour vous abonner \u00e0 nos courriels et\/ou bulletins d'information ;<\/p><p style=\"padding-left: 40px;\">6. les informations que vous saisissez lors de l'utilisation des services de notre site web ;<\/p><p style=\"padding-left: 40px;\">7. les informations g\u00e9n\u00e9r\u00e9es lors de l'utilisation de notre site web, y compris quand, \u00e0 quelle fr\u00e9quence et dans quelles circonstances vous l'utilisez ;<\/p><p style=\"padding-left: 40px;\">8. les informations relatives \u00e0 tout ce que vous achetez, aux services que vous utilisez ou aux transactions que vous effectuez par l'interm\u00e9diaire de notre site web, notamment votre nom, votre adresse, votre num\u00e9ro de t\u00e9l\u00e9phone, votre adresse \u00e9lectronique et les d\u00e9tails de votre carte de cr\u00e9dit ;<\/p><p style=\"padding-left: 40px;\">9. les informations que vous publiez sur notre site web dans l'intention de les publier sur l'internet, ce qui inclut votre nom d'utilisateur, vos photos de profil et le contenu de vos messages ;<\/p><p style=\"padding-left: 40px;\">10. les informations contenues dans les communications que vous nous envoyez par courrier \u00e9lectronique ou par l'interm\u00e9diaire de notre site web, y compris le contenu de la communication et les m\u00e9tadonn\u00e9es ;<\/p><p style=\"padding-left: 40px;\">11. toute autre information personnelle que vous nous transmettez.<br \/>Avant de nous divulguer les informations personnelles d'une autre personne, vous devez obtenir le consentement de cette personne \u00e0 la fois \u00e0 la divulgation et au traitement de ces informations personnelles conform\u00e9ment \u00e0 la pr\u00e9sente politique.<\/p><p><strong>D. Utilisation de vos donn\u00e9es personnelles<\/strong><\/p><p>Les informations personnelles qui nous sont communiqu\u00e9es par l'interm\u00e9diaire de notre site web seront utilis\u00e9es aux fins sp\u00e9cifi\u00e9es dans la pr\u00e9sente politique ou dans les pages correspondantes du site web. Nous pouvons utiliser vos informations personnelles aux fins suivantes :<\/p><p style=\"padding-left: 40px;\">1. l'administration de notre site web et de nos activit\u00e9s ;<\/p><p style=\"padding-left: 40px;\">2. personnaliser notre site web pour vous ;<\/p><p style=\"padding-left: 40px;\">3. vous permettre d'utiliser les services disponibles sur notre site web ;<\/p><p style=\"padding-left: 40px;\">4. l'envoi de marchandises achet\u00e9es sur notre site web ;<\/p><p style=\"padding-left: 40px;\">5. la fourniture de services achet\u00e9s sur notre site web ;<\/p><p style=\"padding-left: 40px;\">6. l'envoi de relev\u00e9s, de factures et de rappels de paiement et la collecte de paiements aupr\u00e8s de vous ;<\/p><p style=\"padding-left: 40px;\">7. vous envoyer des communications commerciales non commerciales ;<\/p><p style=\"padding-left: 40px;\">8. l'envoi de notifications par courrier \u00e9lectronique que vous avez sp\u00e9cifiquement demand\u00e9es ;<\/p><p style=\"padding-left: 40px;\">9. l'envoi de notre bulletin d'information par courrier \u00e9lectronique, si vous l'avez demand\u00e9 (vous pouvez nous informer \u00e0 tout moment que vous ne souhaitez plus recevoir le bulletin d'information) ;<\/p><p style=\"padding-left: 40px;\">10. l'envoi de communications marketing relatives \u00e0 nos activit\u00e9s ou aux activit\u00e9s de tiers soigneusement s\u00e9lectionn\u00e9s et susceptibles de vous int\u00e9resser, par courrier ou, si vous y avez sp\u00e9cifiquement consenti, par courrier \u00e9lectronique ou par une technologie similaire (vous pouvez nous informer \u00e0 tout moment que vous ne souhaitez plus recevoir de communications marketing) ;<\/p><p style=\"padding-left: 40px;\">11. fournir \u00e0 des tiers des informations statistiques sur nos utilisateurs (mais ces tiers ne seront pas en mesure d'identifier un utilisateur individuel \u00e0 partir de ces informations) ;<\/p><p style=\"padding-left: 40px;\">12. traiter les demandes de renseignements et les plaintes formul\u00e9es par vous ou \u00e0 votre sujet concernant notre site web ;<\/p><p style=\"padding-left: 40px;\">13. assurer la s\u00e9curit\u00e9 de notre site web et pr\u00e9venir la fraude ;<\/p><p style=\"padding-left: 40px;\">14. v\u00e9rifier le respect des termes et conditions r\u00e9gissant l'utilisation de notre site web (y compris le contr\u00f4le des messages priv\u00e9s envoy\u00e9s par le biais du service de messagerie priv\u00e9e de notre site web) ; et<\/p><p style=\"padding-left: 40px;\">15. autres utilisations.<\/p><p>Si vous soumettez des informations personnelles pour publication sur notre site web, nous publierons et utiliserons ces informations conform\u00e9ment \u00e0 la licence que vous nous accordez.<\/p><p>Vos param\u00e8tres de confidentialit\u00e9 peuvent \u00eatre utilis\u00e9s pour limiter la publication de vos informations sur notre site web et peuvent \u00eatre ajust\u00e9s en utilisant les contr\u00f4les de confidentialit\u00e9 sur le site web.<br \/>Nous ne fournirons pas, sans votre consentement explicite, vos informations personnelles \u00e0 un tiers pour son marketing direct ou celui d'un autre tiers.<\/p><p><strong>E. Divulgation d'informations personnelles<\/strong><\/p><p>Nous pouvons divulguer vos informations personnelles \u00e0 l'un de nos employ\u00e9s, dirigeants, assureurs, conseillers professionnels, agents, fournisseurs ou sous-traitants dans la mesure o\u00f9 cela est raisonnablement n\u00e9cessaire aux fins \u00e9nonc\u00e9es dans la pr\u00e9sente politique.<br \/>Nous pouvons divulguer vos informations personnelles \u00e0 tout membre de notre groupe de soci\u00e9t\u00e9s (c'est-\u00e0-dire nos filiales, notre soci\u00e9t\u00e9 holding ultime et toutes ses filiales) dans la mesure o\u00f9 cela est raisonnablement n\u00e9cessaire aux fins \u00e9nonc\u00e9es dans la pr\u00e9sente politique.<br \/>Nous pouvons divulguer vos informations personnelles :<\/p><p style=\"padding-left: 40px;\">1. dans la mesure o\u00f9 la loi nous y oblige ;<\/p><p style=\"padding-left: 40px;\">2. dans le cadre de toute proc\u00e9dure judiciaire en cours ou \u00e0 venir ;<\/p><p style=\"padding-left: 40px;\">3. afin d'\u00e9tablir, d'exercer ou de d\u00e9fendre nos droits l\u00e9gaux (y compris la fourniture d'informations \u00e0 des tiers \u00e0 des fins de pr\u00e9vention de la fraude et de r\u00e9duction du risque de cr\u00e9dit) ;<\/p><p style=\"padding-left: 40px;\">4. \u00e0 l'acheteur (ou \u00e0 l'acheteur potentiel) de toute entreprise ou de tout actif que nous vendons (ou que nous envisageons de vendre) ; et<\/p><p style=\"padding-left: 40px;\">5. \u00e0 toute personne dont nous pensons raisonnablement qu'elle peut demander \u00e0 un tribunal ou \u00e0 une autre autorit\u00e9 comp\u00e9tente la divulgation de ces informations \u00e0 caract\u00e8re personnel lorsque, selon notre opinion raisonnable, ce tribunal ou cette autorit\u00e9 serait raisonnablement susceptible d'ordonner la divulgation de ces informations \u00e0 caract\u00e8re personnel.<\/p><p>Sauf dans les cas pr\u00e9vus par la pr\u00e9sente politique, nous ne fournirons pas vos informations personnelles \u00e0 des tiers.<\/p><p><strong>F. Transferts internationaux de donn\u00e9es<\/strong><\/p><p style=\"padding-left: 40px;\">1. Les informations que nous collectons peuvent \u00eatre stock\u00e9es, trait\u00e9es et transf\u00e9r\u00e9es entre les pays dans lesquels nous op\u00e9rons afin de nous permettre d'utiliser ces informations conform\u00e9ment \u00e0 la pr\u00e9sente politique.<\/p><p style=\"padding-left: 40px;\">2. Les informations que nous collectons peuvent \u00eatre transf\u00e9r\u00e9es vers les pays suivants qui ne disposent pas de lois sur la protection des donn\u00e9es \u00e9quivalentes \u00e0 celles en vigueur dans l'Espace \u00e9conomique europ\u00e9en : les \u00c9tats-Unis d'Am\u00e9rique, la Russie, le Japon, la Chine et l'Inde.<\/p><p style=\"padding-left: 40px;\">3. Les informations personnelles que vous publiez sur notre site web ou que vous soumettez pour publication sur notre site web peuvent \u00eatre disponibles, via l'internet, dans le monde entier. Nous ne pouvons pas emp\u00eacher l'utilisation ou l'abus de ces informations par d'autres.<\/p><p style=\"padding-left: 40px;\">4. Vous acceptez express\u00e9ment les transferts d'informations \u00e0 caract\u00e8re personnel d\u00e9crits dans la pr\u00e9sente section F.<\/p><p><strong>G. Conservation des donn\u00e9es \u00e0 caract\u00e8re personnel<\/strong><\/p><p style=\"padding-left: 40px;\">1. La pr\u00e9sente section G expose nos politiques et proc\u00e9dures de conservation des donn\u00e9es, qui sont con\u00e7ues pour nous aider \u00e0 respecter nos obligations l\u00e9gales en mati\u00e8re de conservation et de suppression des informations \u00e0 caract\u00e8re personnel.<\/p><p style=\"padding-left: 40px;\">2. Les informations personnelles que nous traitons pour une ou plusieurs finalit\u00e9s ne sont pas conserv\u00e9es plus longtemps que n\u00e9cessaire pour cette ou ces finalit\u00e9s.<\/p><p style=\"padding-left: 40px;\">3. Sans pr\u00e9judice de l'article G-2, nous effacerons g\u00e9n\u00e9ralement les donn\u00e9es \u00e0 caract\u00e8re personnel relevant des cat\u00e9gories indiqu\u00e9es ci-dessous \u00e0 la date\/heure indiqu\u00e9e ci-dessous :<\/p><p style=\"padding-left: 80px;\">a. le type de donn\u00e9es personnelles sera supprim\u00e9 {ENTER DATE\/HEURE} ; et<br \/>b. {ENTRER LES DATES\/HEURES SUPPL\u00c9MENTAIRES}.<\/p><p style=\"padding-left: 40px;\">4. Nonobstant les autres dispositions de la pr\u00e9sente section G, nous conserverons les documents (y compris les documents \u00e9lectroniques) contenant des donn\u00e9es \u00e0 caract\u00e8re personnel :<\/p><p style=\"padding-left: 80px;\">a. dans la mesure o\u00f9 la loi nous y oblige ;<br \/>b. si nous estimons que les documents peuvent \u00eatre pertinents dans le cadre d'une proc\u00e9dure judiciaire en cours ou \u00e0 venir ; et<br \/>c. afin d'\u00e9tablir, d'exercer ou de d\u00e9fendre nos droits l\u00e9gaux (y compris la fourniture d'informations \u00e0 des tiers \u00e0 des fins de pr\u00e9vention de la fraude et de r\u00e9duction du risque de cr\u00e9dit).<\/p><p><strong>H. S\u00e9curit\u00e9 de vos donn\u00e9es personnelles<\/strong><\/p><p style=\"padding-left: 40px;\">1. Nous prendrons des pr\u00e9cautions techniques et organisationnelles raisonnables pour emp\u00eacher la perte, l'utilisation abusive ou l'alt\u00e9ration de vos informations personnelles.<\/p><p style=\"padding-left: 40px;\">2. Nous stockons toutes les informations personnelles que vous fournissez sur nos serveurs s\u00e9curis\u00e9s (prot\u00e9g\u00e9s par un mot de passe et un pare-feu).<\/p><p style=\"padding-left: 40px;\">3. Toutes les transactions financi\u00e8res \u00e9lectroniques effectu\u00e9es par l'interm\u00e9diaire de notre site web sont prot\u00e9g\u00e9es par une technologie de cryptage.<\/p><p style=\"padding-left: 40px;\">4. Vous reconnaissez que la transmission d'informations sur l'internet n'est pas s\u00fbre par nature et que nous ne pouvons pas garantir la s\u00e9curit\u00e9 des donn\u00e9es envoy\u00e9es sur l'internet.<\/p><p style=\"padding-left: 40px;\">5. Vous \u00eates responsable de la confidentialit\u00e9 du mot de passe que vous utilisez pour acc\u00e9der \u00e0 notre site web ; nous ne vous demanderons pas votre mot de passe (sauf lorsque vous vous connectez \u00e0 notre site web).<\/p><p><strong>I. Amendements<\/strong><\/p><p>Nous pouvons mettre \u00e0 jour cette politique de temps \u00e0 autre en publiant une nouvelle version sur notre site web. Nous vous conseillons de consulter cette page de temps en temps pour vous assurer que vous avez bien compris les changements apport\u00e9s \u00e0 cette politique. Nous pouvons vous informer des modifications apport\u00e9es \u00e0 la pr\u00e9sente politique par courrier \u00e9lectronique ou par l'interm\u00e9diaire du syst\u00e8me de messagerie priv\u00e9e de notre site web.<\/p><p><strong>J. Vos droits<\/strong><\/p><p>Vous pouvez nous demander de vous fournir toute information personnelle que nous d\u00e9tenons \u00e0 votre sujet ; la fourniture de ces informations sera soumise aux conditions suivantes :<\/p><p style=\"padding-left: 40px;\">1. le paiement d'une taxe {ENTER LA TAXE SI ELLE EST PERTINENTE} ; et<\/p><p style=\"padding-left: 40px;\">2. la fourniture d'une preuve appropri\u00e9e de votre identit\u00e9 ({ADJUST TEXT TO REFLECT YOUR POLICY \u00e0 cette fin, nous acceptons g\u00e9n\u00e9ralement une photocopie de votre passeport certifi\u00e9e par un notaire ainsi que l'original d'une facture d'\u00e9lectricit\u00e9 indiquant votre adresse actuelle}).<br \/>Nous pouvons ne pas divulguer les informations personnelles que vous demandez dans la mesure o\u00f9 la loi le permet.<br \/>Vous pouvez nous demander \u00e0 tout moment de ne pas traiter vos informations personnelles \u00e0 des fins de marketing.<br \/>En pratique, vous accepterez g\u00e9n\u00e9ralement \u00e0 l'avance que nous utilisions vos donn\u00e9es personnelles \u00e0 des fins de marketing, ou nous vous donnerons la possibilit\u00e9 de refuser l'utilisation de vos donn\u00e9es personnelles \u00e0 des fins de marketing.<\/p><p><strong>K. Sites web de tiers<\/strong><\/p><p>Notre site web contient des liens hypertextes vers des sites web de tiers et des informations sur ces sites. Nous n'avons aucun contr\u00f4le sur les politiques et pratiques des tiers en mati\u00e8re de protection de la vie priv\u00e9e et nous n'en sommes pas responsables.<\/p><p><strong>L. Mise \u00e0 jour des informations<\/strong><\/p><p>Veuillez nous faire savoir si les informations personnelles que nous d\u00e9tenons \u00e0 votre sujet doivent \u00eatre corrig\u00e9es ou mises \u00e0 jour.<\/p><p><strong>M. Biscuits<\/strong><\/p><p>Notre site web utilise des cookies. Un cookie est un fichier contenant un identifiant (une cha\u00eene de lettres et de chiffres) qui est envoy\u00e9 par un serveur web \u00e0 un navigateur web et qui est stock\u00e9 par le navigateur. L'identifiant est ensuite renvoy\u00e9 au serveur chaque fois que le navigateur demande une page au serveur. Les cookies peuvent \u00eatre des cookies \u201cpersistants\u201d ou des cookies \u201cde session\u201d : un cookie persistant est stock\u00e9 par un navigateur web et reste valide jusqu'\u00e0 la date d'expiration fix\u00e9e, sauf s'il est supprim\u00e9 par l'utilisateur avant la date d'expiration ; un cookie de session, en revanche, expire \u00e0 la fin de la session de l'utilisateur, lorsque le navigateur web est ferm\u00e9. Les cookies ne contiennent g\u00e9n\u00e9ralement pas d'informations permettant d'identifier personnellement un utilisateur, mais les informations personnelles que nous stockons \u00e0 votre sujet peuvent \u00eatre li\u00e9es aux informations stock\u00e9es dans les cookies et obtenues \u00e0 partir de ceux-ci. {Nous utilisons uniquement des cookies de session \/ uniquement des cookies persistants \/ \u00e0 la fois des cookies de session et des cookies persistants sur notre site web.}<\/p><p style=\"padding-left: 40px;\">1. Les noms des cookies que nous utilisons sur notre site web et les raisons pour lesquelles ils sont utilis\u00e9s sont indiqu\u00e9s ci-dessous :<br \/>a. nous utilisons Google Analytics et Adwords sur notre site web pour reconna\u00eetre un ordinateur lorsqu'un utilisateur {INCLURE TOUTES LES UTILISATIONS POUR LES COOKIES SUR VOTRE SITE visite le site web \/ suivre les utilisateurs lorsqu'ils naviguent sur le site web \/ permettre l'utilisation d'un panier d'achat sur le site web \/ am\u00e9liorer la convivialit\u00e9 du site web \/ analyser l'utilisation du site web \/ administrer le site web \/ pr\u00e9venir la fraude et am\u00e9liorer la s\u00e9curit\u00e9 du site web \/ personnaliser le site web pour chaque utilisateur \/ cibler les publicit\u00e9s qui peuvent \u00eatre d'un int\u00e9r\u00eat particulier pour des utilisateurs sp\u00e9cifiques \/ d\u00e9crire le(s) but(s)} ;<\/p><p style=\"padding-left: 40px;\">2. La plupart des navigateurs vous permettent de refuser les cookies, par exemple :<\/p><p style=\"padding-left: 80px;\">a. dans Internet Explorer (version 10), vous pouvez bloquer les cookies en utilisant les param\u00e8tres d'annulation de la gestion des cookies disponibles en cliquant sur \u201cOutils\u201d, \u201cOptions Internet\u201d, \u201cConfidentialit\u00e9\u201d, puis \u201cAvanc\u00e9\u201d ;<br \/>b. dans Firefox (version 24), vous pouvez bloquer tous les cookies en cliquant sur \u201cOutils\u201d, \u201cOptions\u201d, \u201cConfidentialit\u00e9\u201d, en s\u00e9lectionnant \u201cUtiliser les param\u00e8tres personnalis\u00e9s pour l'historique\u201d dans le menu d\u00e9roulant et en d\u00e9cochant \u201cAccepter les cookies des sites\u201d ; et<br \/>c. dans Chrome (version 29), vous pouvez bloquer tous les cookies en acc\u00e9dant au menu \u201cPersonnaliser et contr\u00f4ler\u201d et en cliquant sur \u201cParam\u00e8tres\u201d, \u201cAfficher les param\u00e8tres avanc\u00e9s\u201d et \u201cParam\u00e8tres de contenu\u201d, puis en s\u00e9lectionnant \u201cEmp\u00eacher les sites de d\u00e9finir des donn\u00e9es\u201d sous la rubrique \u201cCookies\u201d.<br \/>Le blocage de tous les cookies aura un impact n\u00e9gatif sur la facilit\u00e9 d'utilisation de nombreux sites web. Si vous bloquez les cookies, vous ne pourrez pas utiliser toutes les fonctionnalit\u00e9s de notre site web.<\/p><p style=\"padding-left: 40px;\">3. Vous pouvez supprimer les cookies d\u00e9j\u00e0 stock\u00e9s sur votre ordinateur, par exemple :<\/p><p style=\"padding-left: 80px;\">a. in Internet Explorer (version 10), you must manually delete cookie files (you can find instructions for doing so at http:\/\/support.microsoft.com\/kb\/278835 );<br \/>b. dans Firefox (version 24), vous pouvez supprimer les cookies en cliquant sur \u201cOutils\u201d, \u201cOptions\u201d et \u201cConfidentialit\u00e9\u201d, puis en s\u00e9lectionnant \u201cUtiliser les param\u00e8tres personnalis\u00e9s pour l'historique\u201d, en cliquant sur \u201cAfficher les cookies\u201d, puis en cliquant sur \u201cSupprimer tous les cookies\u201d ; et<br \/>c. dans Chrome (version 29), vous pouvez supprimer tous les cookies en acc\u00e9dant au menu \u201cPersonnaliser et contr\u00f4ler\u201d et en cliquant sur \u201cParam\u00e8tres\u201d, \u201cAfficher les param\u00e8tres avanc\u00e9s\u201d et \u201cEffacer les donn\u00e9es de navigation\u201d, puis en s\u00e9lectionnant \u201cSupprimer les cookies et autres donn\u00e9es de site et de plug-in\u201d avant de cliquer sur \u201cEffacer les donn\u00e9es de navigation\u201d.\u201d<\/p><p style=\"padding-left: 40px;\">4. La suppression des cookies aura un impact n\u00e9gatif sur la facilit\u00e9 d'utilisation de nombreux sites web.<\/p>\t\t\t\t\t\t\t\t<\/div>\n\t\t\t\t<\/div>\n\t\t\t\t\t<\/div>\n\t\t<\/div>\n\t\t\t\t\t<\/div>\n\t\t<\/section>\n\t\t\t\t<\/div>","protected":false},"excerpt":{"rendered":"<p>our Privacy Policy A. Introduction 1. The privacy of our website visitors is very important to us, and we are committed to safeguarding it. This policy explains what we will do with your personal information. 2. Consenting to our use of cookies in accordance with the terms of this policy when you first visit our [&hellip;]<\/p>\n","protected":false},"author":2,"featured_media":0,"parent":0,"menu_order":0,"comment_status":"closed","ping_status":"closed","template":"elementor_header_footer","meta":{"_acf_changed":false,"footnotes":""},"class_list":["post-4255","page","type-page","status-publish","hentry"],"blocksy_meta":[],"acf":[],"_links":{"self":[{"href":"https:\/\/www.couturemedia.ca\/fr\/wp-json\/wp\/v2\/pages\/4255","targetHints":{"allow":["GET"]}}],"collection":[{"href":"https:\/\/www.couturemedia.ca\/fr\/wp-json\/wp\/v2\/pages"}],"about":[{"href":"https:\/\/www.couturemedia.ca\/fr\/wp-json\/wp\/v2\/types\/page"}],"author":[{"embeddable":true,"href":"https:\/\/www.couturemedia.ca\/fr\/wp-json\/wp\/v2\/users\/2"}],"replies":[{"embeddable":true,"href":"https:\/\/www.couturemedia.ca\/fr\/wp-json\/wp\/v2\/comments?post=4255"}],"version-history":[{"count":0,"href":"https:\/\/www.couturemedia.ca\/fr\/wp-json\/wp\/v2\/pages\/4255\/revisions"}],"wp:attachment":[{"href":"https:\/\/www.couturemedia.ca\/fr\/wp-json\/wp\/v2\/media?parent=4255"}],"curies":[{"name":"wp","href":"https:\/\/api.w.org\/{rel}","templated":true}]}}