{"id":2024,"date":"2015-10-26T10:59:32","date_gmt":"2015-10-26T14:59:32","guid":{"rendered":"https:\/\/wpmanstage.com\/couturemedia\/?page_id=2024"},"modified":"2021-07-18T10:26:48","modified_gmt":"2021-07-18T14:26:48","slug":"musique-du-temps-des-fetes","status":"publish","type":"page","link":"https:\/\/www.couturemedia.ca\/fr\/musique-du-temps-des-fetes\/","title":{"rendered":"Musique de No\u00ebl !"},"content":{"rendered":"<h3>Bonjour \u00e0 tous!<\/h3>\n<p>S&#8217;il vous pla\u00eet remplir le formulaire ci-dessous et l&#8217;envoyer avant <span style=\"color: #993366;\"><strong><span style=\"color: #93201d;\">le 15 novembre, 2019<\/span>&nbsp;<\/strong><\/span>pour&nbsp;inclure votre programmation musicale de No\u00ebl pour cette saison des&nbsp;temps des F\u00eates. S&#8217;il vous pla\u00eet ne h\u00e9sitez pas&nbsp;de nous contacter si vous avez des questions: 1-888-969-0151.<\/p>\n<p>Joyeuses F\u00eates et nous vous souhaitons une saison pleine de succ\u00e8s.<\/p>\n<p>L&#8217;\u00e9quipe Couture M\u00e9dia<\/p>\n<p>&nbsp;<\/p>\n<h3 class=\"christmas\">Formulaire pour la programmation de musique du&nbsp;temps des F\u00eates<\/h3>\n<p>[contact-form-7 id=&#8221;2034&#8243; title=&#8221;Christmas Music French&#8221;]<\/p>\n","protected":false},"excerpt":{"rendered":"<p>Bonjour \u00e0 tous! S&#8217;il vous pla\u00eet remplir le formulaire ci-dessous et l&#8217;envoyer avant le 15 novembre, 2019&nbsp;pour&nbsp;inclure votre programmation musicale de No\u00ebl pour cette saison des&nbsp;temps des F\u00eates. S&#8217;il vous pla\u00eet ne h\u00e9sitez pas&nbsp;de nous contacter si vous avez des questions: 1-888-969-0151. Joyeuses F\u00eates et nous vous souhaitons une saison pleine de succ\u00e8s. L&#8217;\u00e9quipe Couture [&hellip;]<\/p>\n","protected":false},"author":2,"featured_media":0,"parent":0,"menu_order":0,"comment_status":"closed","ping_status":"closed","template":"","meta":{"_acf_changed":false,"footnotes":""},"class_list":["post-2024","page","type-page","status-publish","hentry"],"blocksy_meta":[],"acf":[],"_links":{"self":[{"href":"https:\/\/www.couturemedia.ca\/fr\/wp-json\/wp\/v2\/pages\/2024","targetHints":{"allow":["GET"]}}],"collection":[{"href":"https:\/\/www.couturemedia.ca\/fr\/wp-json\/wp\/v2\/pages"}],"about":[{"href":"https:\/\/www.couturemedia.ca\/fr\/wp-json\/wp\/v2\/types\/page"}],"author":[{"embeddable":true,"href":"https:\/\/www.couturemedia.ca\/fr\/wp-json\/wp\/v2\/users\/2"}],"replies":[{"embeddable":true,"href":"https:\/\/www.couturemedia.ca\/fr\/wp-json\/wp\/v2\/comments?post=2024"}],"version-history":[{"count":0,"href":"https:\/\/www.couturemedia.ca\/fr\/wp-json\/wp\/v2\/pages\/2024\/revisions"}],"wp:attachment":[{"href":"https:\/\/www.couturemedia.ca\/fr\/wp-json\/wp\/v2\/media?parent=2024"}],"curies":[{"name":"wp","href":"https:\/\/api.w.org\/{rel}","templated":true}]}}