{"id":10812,"date":"2021-06-10T20:42:06","date_gmt":"2021-06-11T00:42:06","guid":{"rendered":"https:\/\/staging7.couturemedia.ca\/?page_id=10812"},"modified":"2026-01-07T06:58:12","modified_gmt":"2026-01-07T11:58:12","slug":"inscrivez-vous","status":"publish","type":"page","link":"https:\/\/www.couturemedia.ca\/fr\/inscrivez-vous\/","title":{"rendered":"ESSAI GRATUIT"},"content":{"rendered":"\t\t<div data-elementor-type=\"wp-page\" data-elementor-id=\"10812\" class=\"elementor elementor-10812\" data-elementor-post-type=\"page\">\n\t\t\t\t\t\t<section class=\"elementor-section elementor-top-section elementor-element elementor-element-3ef7638 elementor-section-boxed elementor-section-height-default elementor-section-height-default\" data-id=\"3ef7638\" data-element_type=\"section\" data-e-type=\"section\">\n\t\t\t\t\t\t<div class=\"elementor-container elementor-column-gap-wider\">\n\t\t\t\t\t<div class=\"elementor-column elementor-col-50 elementor-top-column elementor-element elementor-element-c2aad05\" data-id=\"c2aad05\" data-element_type=\"column\" data-e-type=\"column\">\n\t\t\t<div class=\"elementor-widget-wrap elementor-element-populated\">\n\t\t\t\t\t\t<div class=\"elementor-element elementor-element-19a7e63 elementor-widget elementor-widget-heading\" data-id=\"19a7e63\" data-element_type=\"widget\" data-e-type=\"widget\" data-widget_type=\"heading.default\">\n\t\t\t\t<div class=\"elementor-widget-container\">\n\t\t\t\t\t<h2 class=\"elementor-heading-title elementor-size-default\">Lancez votre essai gratuit de 14 jours<\/h2>\t\t\t\t<\/div>\n\t\t\t\t<\/div>\n\t\t\t\t<div class=\"elementor-element elementor-element-15d2a23 elementor-widget elementor-widget-text-editor\" data-id=\"15d2a23\" data-element_type=\"widget\" data-e-type=\"widget\" data-widget_type=\"text-editor.default\">\n\t\t\t\t<div class=\"elementor-widget-container\">\n\t\t\t\t\t\t\t\t\t<p>50 $ par mois par la suite. Annulez en tout temps. Vos frais socan et re:sonne sont inclus.<\/p>\t\t\t\t\t\t\t\t<\/div>\n\t\t\t\t<\/div>\n\t\t\t\t<div class=\"elementor-element elementor-element-32691fd elementor-button-align-stretch elementor-widget elementor-widget-form\" data-id=\"32691fd\" data-element_type=\"widget\" data-e-type=\"widget\" data-settings=\"{&quot;step_next_label&quot;:&quot;Next&quot;,&quot;step_previous_label&quot;:&quot;Previous&quot;,&quot;button_width&quot;:&quot;100&quot;,&quot;step_type&quot;:&quot;number_text&quot;,&quot;step_icon_shape&quot;:&quot;circle&quot;}\" data-widget_type=\"form.default\">\n\t\t\t\t<div class=\"elementor-widget-container\">\n\t\t\t\t\t\t\t<form class=\"elementor-form\" method=\"post\" name=\"Sign Up\" aria-label=\"Sign Up\">\n\t\t\t<input type=\"hidden\" name=\"post_id\" value=\"10812\"\/>\n\t\t\t<input type=\"hidden\" name=\"form_id\" value=\"32691fd\"\/>\n\t\t\t<input type=\"hidden\" name=\"referer_title\" value=\"ESSAI GRATUIT - Couture Media\" \/>\n\n\t\t\t\t\t\t\t<input type=\"hidden\" name=\"queried_id\" value=\"10812\"\/>\n\t\t\t\n\t\t\t<div class=\"elementor-form-fields-wrapper elementor-labels-\">\n\t\t\t\t\t\t\t\t<div class=\"elementor-field-type-text elementor-field-group elementor-column elementor-field-group-name elementor-col-100 elementor-field-required\">\n\t\t\t\t\t\t\t\t\t\t\t\t<label for=\"form-field-name\" class=\"elementor-field-label elementor-screen-only\">\n\t\t\t\t\t\t\t\tFirst Name\t\t\t\t\t\t\t<\/label>\n\t\t\t\t\t\t\t\t\t\t\t\t\t\t<input size=\"1\" type=\"text\" name=\"form_fields[name]\" id=\"form-field-name\" class=\"elementor-field elementor-size-sm  elementor-field-textual\" placeholder=\"Pr\u00e9nom\" required=\"required\">\n\t\t\t\t\t\t\t\t\t\t\t<\/div>\n\t\t\t\t\t\t\t\t<div class=\"elementor-field-type-text elementor-field-group elementor-column elementor-field-group-field_180b72d elementor-col-100\">\n\t\t\t\t\t\t\t\t\t\t\t\t<label for=\"form-field-field_180b72d\" class=\"elementor-field-label elementor-screen-only\">\n\t\t\t\t\t\t\t\tLast Name\t\t\t\t\t\t\t<\/label>\n\t\t\t\t\t\t\t\t\t\t\t\t\t\t<input size=\"1\" type=\"text\" name=\"form_fields[field_180b72d]\" id=\"form-field-field_180b72d\" class=\"elementor-field elementor-size-sm  elementor-field-textual\" placeholder=\"Nom de famille\">\n\t\t\t\t\t\t\t\t\t\t\t<\/div>\n\t\t\t\t\t\t\t\t<div class=\"elementor-field-type-email elementor-field-group elementor-column elementor-field-group-email elementor-col-100 elementor-field-required\">\n\t\t\t\t\t\t\t\t\t\t\t\t<label for=\"form-field-email\" class=\"elementor-field-label elementor-screen-only\">\n\t\t\t\t\t\t\t\tEmail\t\t\t\t\t\t\t<\/label>\n\t\t\t\t\t\t\t\t\t\t\t\t\t\t<input size=\"1\" type=\"email\" name=\"form_fields[email]\" id=\"form-field-email\" class=\"elementor-field elementor-size-sm  elementor-field-textual\" placeholder=\"Courriel\" required=\"required\">\n\t\t\t\t\t\t\t\t\t\t\t<\/div>\n\t\t\t\t\t\t\t\t<div class=\"elementor-field-type-text elementor-field-group elementor-column elementor-field-group-field_4c8bb21 elementor-col-100 elementor-field-required\">\n\t\t\t\t\t\t\t\t\t\t\t\t<label for=\"form-field-field_4c8bb21\" class=\"elementor-field-label elementor-screen-only\">\n\t\t\t\t\t\t\t\tCompany\t\t\t\t\t\t\t<\/label>\n\t\t\t\t\t\t\t\t\t\t\t\t\t\t<input size=\"1\" type=\"text\" name=\"form_fields[field_4c8bb21]\" id=\"form-field-field_4c8bb21\" class=\"elementor-field elementor-size-sm  elementor-field-textual\" placeholder=\"Entreprise\" required=\"required\">\n\t\t\t\t\t\t\t\t\t\t\t<\/div>\n\t\t\t\t\t\t\t\t<div class=\"elementor-field-type-tel elementor-field-group elementor-column elementor-field-group-field_7853b4d elementor-col-100 elementor-field-required\">\n\t\t\t\t\t\t\t\t\t\t\t\t<label for=\"form-field-field_7853b4d\" class=\"elementor-field-label elementor-screen-only\">\n\t\t\t\t\t\t\t\tPhone Number\t\t\t\t\t\t\t<\/label>\n\t\t\t\t\t\t\t\t<input size=\"1\" type=\"tel\" name=\"form_fields[field_7853b4d]\" id=\"form-field-field_7853b4d\" class=\"elementor-field elementor-size-sm  elementor-field-textual\" placeholder=\"Telephone\" required=\"required\" pattern=\"[0-9()#&amp;+*-=.]+\" title=\"Seuls les caract\u00e8res de num\u00e9ros de t\u00e9l\u00e9phone (#, -, *, etc.) sont accept\u00e9s.\">\n\n\t\t\t\t\t\t<\/div>\n\t\t\t\t\t\t\t\t<div class=\"elementor-field-group elementor-column elementor-field-type-submit elementor-col-100 e-form__buttons\">\n\t\t\t\t\t<button class=\"elementor-button elementor-size-sm elementor-animation-shrink\" type=\"submit\">\n\t\t\t\t\t\t<span class=\"elementor-button-content-wrapper\">\n\t\t\t\t\t\t\t\t\t\t\t\t\t\t\t\t\t\t\t\t\t\t<span class=\"elementor-button-text\">inscrivez-vous<\/span>\n\t\t\t\t\t\t\t\t\t\t\t\t\t<\/span>\n\t\t\t\t\t<\/button>\n\t\t\t\t<\/div>\n\t\t\t<\/div>\n\t\t<\/form>\n\t\t\t\t\t\t<\/div>\n\t\t\t\t<\/div>\n\t\t\t\t<div class=\"elementor-element elementor-element-9983fcd elementor-widget elementor-widget-image\" data-id=\"9983fcd\" data-element_type=\"widget\" data-e-type=\"widget\" data-widget_type=\"image.default\">\n\t\t\t\t<div class=\"elementor-widget-container\">\n\t\t\t\t\t\t\t\t\t\t\t\t\t\t\t<img fetchpriority=\"high\" decoding=\"async\" width=\"300\" height=\"189\" src=\"https:\/\/www.couturemedia.ca\/wp-content\/uploads\/2022\/03\/SYB_Certified-reseller-RED-large-300x189.png\" class=\"attachment-medium size-medium wp-image-14020\" alt=\"\" srcset=\"https:\/\/www.couturemedia.ca\/wp-content\/uploads\/2022\/03\/SYB_Certified-reseller-RED-large-300x189.png 300w, https:\/\/www.couturemedia.ca\/wp-content\/uploads\/2022\/03\/SYB_Certified-reseller-RED-large-600x378.png 600w, https:\/\/www.couturemedia.ca\/wp-content\/uploads\/2022\/03\/SYB_Certified-reseller-RED-large-1024x645.png 1024w, https:\/\/www.couturemedia.ca\/wp-content\/uploads\/2022\/03\/SYB_Certified-reseller-RED-large-768x484.png 768w, https:\/\/www.couturemedia.ca\/wp-content\/uploads\/2022\/03\/SYB_Certified-reseller-RED-large-1536x967.png 1536w, https:\/\/www.couturemedia.ca\/wp-content\/uploads\/2022\/03\/SYB_Certified-reseller-RED-large-2048x1290.png 2048w\" sizes=\"(max-width: 300px) 100vw, 300px\" \/>\t\t\t\t\t\t\t\t\t\t\t\t\t\t\t<\/div>\n\t\t\t\t<\/div>\n\t\t\t\t\t<\/div>\n\t\t<\/div>\n\t\t\t\t<div class=\"elementor-column elementor-col-50 elementor-top-column elementor-element elementor-element-d195972\" data-id=\"d195972\" data-element_type=\"column\" data-e-type=\"column\">\n\t\t\t<div class=\"elementor-widget-wrap elementor-element-populated\">\n\t\t\t\t\t\t<div class=\"elementor-element elementor-element-7dfe5ad elementor-widget elementor-widget-heading\" data-id=\"7dfe5ad\" data-element_type=\"widget\" data-e-type=\"widget\" data-widget_type=\"heading.default\">\n\t\t\t\t<div class=\"elementor-widget-container\">\n\t\t\t\t\t<h2 class=\"elementor-heading-title elementor-size-default\">Caract\u00e9ristiques:<\/h2>\t\t\t\t<\/div>\n\t\t\t\t<\/div>\n\t\t\t\t<div class=\"elementor-element elementor-element-d62cdbc elementor-widget elementor-widget-text-editor\" data-id=\"d62cdbc\" data-element_type=\"widget\" data-e-type=\"widget\" data-widget_type=\"text-editor.default\">\n\t\t\t\t<div class=\"elementor-widget-container\">\n\t\t\t\t\t\t\t\t\t<ul>\n<li>Plus de 1000 playlistes<\/li>\n<li>100 millions de chansons<\/li>\n<li>Importez vos playlistes Spotify<\/li>\n<li>Planifiez votre musique \u00e0 l&#8217;avance<\/li>\n<li>Bloquez les chansons explicites<\/li>\n<li>G\u00e9rer facilement plusieurs emplacements<\/li>\n<\/ul>\t\t\t\t\t\t\t\t<\/div>\n\t\t\t\t<\/div>\n\t\t\t\t<div class=\"elementor-element elementor-element-2a3171f elementor-widget elementor-widget-image\" data-id=\"2a3171f\" data-element_type=\"widget\" data-e-type=\"widget\" data-widget_type=\"image.default\">\n\t\t\t\t<div class=\"elementor-widget-container\">\n\t\t\t\t\t\t\t\t\t\t\t\t\t\t\t<img decoding=\"async\" width=\"608\" height=\"1024\" src=\"https:\/\/www.couturemedia.ca\/wp-content\/uploads\/2021\/05\/tild3435-3965-4266-b563-383730363537__iphone_1-608x1024-1-e1605801482960.png\" class=\"attachment-medium_large size-medium_large wp-image-7698\" alt=\"iphone displaying soundtrack your brand remote app\" srcset=\"https:\/\/www.couturemedia.ca\/wp-content\/uploads\/2021\/05\/tild3435-3965-4266-b563-383730363537__iphone_1-608x1024-1-e1605801482960.png 608w, https:\/\/www.couturemedia.ca\/wp-content\/uploads\/2021\/05\/tild3435-3965-4266-b563-383730363537__iphone_1-608x1024-1-e1605801482960-600x1011.png 600w, https:\/\/www.couturemedia.ca\/wp-content\/uploads\/2021\/05\/tild3435-3965-4266-b563-383730363537__iphone_1-608x1024-1-e1605801482960-178x300.png 178w\" sizes=\"(max-width: 608px) 100vw, 608px\" \/>\t\t\t\t\t\t\t\t\t\t\t\t\t\t\t<\/div>\n\t\t\t\t<\/div>\n\t\t\t\t\t<\/div>\n\t\t<\/div>\n\t\t\t\t\t<\/div>\n\t\t<\/section>\n\t\t\t\t<\/div>\n\t\t","protected":false},"excerpt":{"rendered":"<p>Lancez votre essai gratuit de 14 jours 44 $ par mois par la suite. Annulez en tout temps. Vos frais socan et re:sonne sont inclus. Caract\u00e9ristiques: Plus de 560 playlistes 58 millions de chansons Importez vos playlistes Spotify Planifiez votre musique \u00e0 l&#8217;avance Bloquez les chansons explicites G\u00e9rer facilement plusieurs emplacements<\/p>","protected":false},"author":2,"featured_media":0,"parent":0,"menu_order":0,"comment_status":"closed","ping_status":"closed","template":"elementor_header_footer","meta":{"_acf_changed":false,"footnotes":""},"class_list":["post-10812","page","type-page","status-publish","hentry"],"blocksy_meta":[],"acf":[],"_links":{"self":[{"href":"https:\/\/www.couturemedia.ca\/fr\/wp-json\/wp\/v2\/pages\/10812","targetHints":{"allow":["GET"]}}],"collection":[{"href":"https:\/\/www.couturemedia.ca\/fr\/wp-json\/wp\/v2\/pages"}],"about":[{"href":"https:\/\/www.couturemedia.ca\/fr\/wp-json\/wp\/v2\/types\/page"}],"author":[{"embeddable":true,"href":"https:\/\/www.couturemedia.ca\/fr\/wp-json\/wp\/v2\/users\/2"}],"replies":[{"embeddable":true,"href":"https:\/\/www.couturemedia.ca\/fr\/wp-json\/wp\/v2\/comments?post=10812"}],"version-history":[{"count":1,"href":"https:\/\/www.couturemedia.ca\/fr\/wp-json\/wp\/v2\/pages\/10812\/revisions"}],"predecessor-version":[{"id":19458,"href":"https:\/\/www.couturemedia.ca\/fr\/wp-json\/wp\/v2\/pages\/10812\/revisions\/19458"}],"wp:attachment":[{"href":"https:\/\/www.couturemedia.ca\/fr\/wp-json\/wp\/v2\/media?parent=10812"}],"curies":[{"name":"wp","href":"https:\/\/api.w.org\/{rel}","templated":true}]}}